{"id":6017,"date":"2023-02-23T04:04:16","date_gmt":"2023-02-23T04:04:16","guid":{"rendered":"https:\/\/source.wpopal.com\/printec\/?page_id=6017"},"modified":"2026-04-06T13:42:23","modified_gmt":"2026-04-06T11:42:23","slug":"banner-design-printing","status":"publish","type":"page","link":"https:\/\/lifeprint.ml\/index.php\/banner-design-printing\/","title":{"rendered":"Banner Design &amp; Printing"},"content":{"rendered":"\t\t<div data-elementor-type=\"wp-page\" data-elementor-id=\"6017\" class=\"elementor elementor-6017\">\n\t\t\t\t\t\t<div class=\"elementor-section elementor-top-section elementor-element elementor-element-046b33c elementor-section-stretched elementor-section-boxed elementor-section-height-default elementor-section-height-default\" data-id=\"046b33c\" data-element_type=\"section\" data-settings=\"{&quot;stretch_section&quot;:&quot;section-stretched&quot;}\">\n\t\t\t\t\t\t<div class=\"elementor-container elementor-column-gap-no\">\n\t\t\t\t\t<div class=\"elementor-column elementor-col-100 elementor-top-column elementor-element elementor-element-1bad811\" data-id=\"1bad811\" data-element_type=\"column\">\n\t\t\t<div class=\"elementor-widget-wrap elementor-element-populated\">\n\t\t\t\t\t\t<div class=\"elementor-element elementor-element-d89256c elementor-widget elementor-widget-image\" data-id=\"d89256c\" data-element_type=\"widget\" data-widget_type=\"image.default\">\n\t\t\t\t\t\t\t\t\t\t\t\t\t\t\t<img fetchpriority=\"high\" decoding=\"async\" width=\"2560\" height=\"1706\" src=\"https:\/\/lifeprint.ml\/wp-content\/uploads\/2026\/04\/MDU069_Billboard_Mockup-scaled.jpg\" class=\"attachment-full size-full wp-image-10072\" alt=\"\" srcset=\"https:\/\/lifeprint.ml\/wp-content\/uploads\/2026\/04\/MDU069_Billboard_Mockup-scaled.jpg 2560w, https:\/\/lifeprint.ml\/wp-content\/uploads\/2026\/04\/MDU069_Billboard_Mockup-300x200.jpg 300w, https:\/\/lifeprint.ml\/wp-content\/uploads\/2026\/04\/MDU069_Billboard_Mockup-1024x682.jpg 1024w, https:\/\/lifeprint.ml\/wp-content\/uploads\/2026\/04\/MDU069_Billboard_Mockup-768x512.jpg 768w, https:\/\/lifeprint.ml\/wp-content\/uploads\/2026\/04\/MDU069_Billboard_Mockup-1536x1024.jpg 1536w, https:\/\/lifeprint.ml\/wp-content\/uploads\/2026\/04\/MDU069_Billboard_Mockup-2048x1365.jpg 2048w, https:\/\/lifeprint.ml\/wp-content\/uploads\/2026\/04\/MDU069_Billboard_Mockup-450x300.jpg 450w, https:\/\/lifeprint.ml\/wp-content\/uploads\/2026\/04\/MDU069_Billboard_Mockup-800x533.jpg 800w\" sizes=\"(max-width: 2560px) 100vw, 2560px\" \/>\t\t\t\t\t\t\t\t\t\t\t\t\t\t\t<\/div>\n\t\t\t\t\t<\/div>\n\t\t<\/div>\n\t\t\t\t\t<\/div>\n\t\t<\/div>\n\t\t\t\t<section class=\"elementor-section elementor-top-section elementor-element elementor-element-6bd8f3d elementor-section-boxed elementor-section-height-default elementor-section-height-default\" data-id=\"6bd8f3d\" data-element_type=\"section\">\n\t\t\t\t\t\t<div class=\"elementor-container elementor-column-gap-default\">\n\t\t\t\t\t<div class=\"elementor-column elementor-col-100 elementor-top-column elementor-element elementor-element-8538863\" data-id=\"8538863\" data-element_type=\"column\">\n\t\t\t<div class=\"elementor-widget-wrap elementor-element-populated\">\n\t\t\t\t\t\t<div class=\"elementor-element elementor-element-c000818 elementor-widget elementor-widget-heading\" data-id=\"c000818\" data-element_type=\"widget\" data-widget_type=\"heading.default\">\n\t\t\t\t\t<h2 class=\"elementor-heading-title elementor-size-default\">Nos services d\u2019impression au Mali<\/h2>\t\t\t\t<\/div>\n\t\t\t\t<div class=\"elementor-element elementor-element-a2beae3 elementor-widget elementor-widget-text-editor\" data-id=\"a2beae3\" data-element_type=\"widget\" data-widget_type=\"text-editor.default\">\n\t\t\t\t\t\t\t\t\t<p>Nous proposons une gamme compl\u00e8te de services pour r\u00e9pondre \u00e0 tous vos besoins en communication visuelle.<\/p>\t\t\t\t\t\t\t\t<\/div>\n\t\t\t\t\t<\/div>\n\t\t<\/div>\n\t\t\t\t\t<\/div>\n\t\t<\/section>\n\t\t\t\t<div class=\"elementor-section elementor-inner-section elementor-element elementor-element-2cb4adf5 elementor-section-boxed elementor-section-height-default elementor-section-height-default\" data-id=\"2cb4adf5\" data-element_type=\"section\">\n\t\t\t\t\t\t<div class=\"elementor-container elementor-column-gap-no\">\n\t\t\t\t\t<div class=\"elementor-column elementor-col-50 elementor-inner-column elementor-element elementor-element-a4b5b3\" data-id=\"a4b5b3\" data-element_type=\"column\">\n\t\t\t<div class=\"elementor-widget-wrap elementor-element-populated\">\n\t\t\t\t\t\t<div class=\"elementor-element elementor-element-63aeca42 elementor-widget elementor-widget-image\" data-id=\"63aeca42\" data-element_type=\"widget\" data-widget_type=\"image.default\">\n\t\t\t\t\t\t\t\t\t\t\t\t\t\t\t<img decoding=\"async\" width=\"2560\" height=\"1920\" src=\"https:\/\/lifeprint.ml\/wp-content\/uploads\/2026\/04\/Free_Round_Signboard_Mockup_2-scaled.jpg\" class=\"attachment-full size-full wp-image-10070\" alt=\"\" srcset=\"https:\/\/lifeprint.ml\/wp-content\/uploads\/2026\/04\/Free_Round_Signboard_Mockup_2-scaled.jpg 2560w, https:\/\/lifeprint.ml\/wp-content\/uploads\/2026\/04\/Free_Round_Signboard_Mockup_2-300x225.jpg 300w, https:\/\/lifeprint.ml\/wp-content\/uploads\/2026\/04\/Free_Round_Signboard_Mockup_2-1024x768.jpg 1024w, https:\/\/lifeprint.ml\/wp-content\/uploads\/2026\/04\/Free_Round_Signboard_Mockup_2-768x576.jpg 768w, https:\/\/lifeprint.ml\/wp-content\/uploads\/2026\/04\/Free_Round_Signboard_Mockup_2-1536x1152.jpg 1536w, https:\/\/lifeprint.ml\/wp-content\/uploads\/2026\/04\/Free_Round_Signboard_Mockup_2-2048x1536.jpg 2048w, https:\/\/lifeprint.ml\/wp-content\/uploads\/2026\/04\/Free_Round_Signboard_Mockup_2-450x338.jpg 450w, https:\/\/lifeprint.ml\/wp-content\/uploads\/2026\/04\/Free_Round_Signboard_Mockup_2-800x600.jpg 800w\" sizes=\"(max-width: 2560px) 100vw, 2560px\" \/>\t\t\t\t\t\t\t\t\t\t\t\t\t\t\t<\/div>\n\t\t\t\t\t<\/div>\n\t\t<\/div>\n\t\t\t\t<div class=\"elementor-column elementor-col-50 elementor-inner-column elementor-element elementor-element-6ef44434\" data-id=\"6ef44434\" data-element_type=\"column\">\n\t\t\t<div class=\"elementor-widget-wrap elementor-element-populated\">\n\t\t\t\t\t\t<div class=\"elementor-element elementor-element-6978bb84 style-theme-printec-layout-1 elementor-widget elementor-widget-accordion\" data-id=\"6978bb84\" data-element_type=\"widget\" data-widget_type=\"accordion.default\">\n\t\t\t\t\t\t\t<div class=\"elementor-accordion\">\n\t\t\t\t\t\t\t<div class=\"elementor-accordion-item\">\n\t\t\t\t\t<div id=\"elementor-tab-title-1761\" class=\"elementor-tab-title\" data-tab=\"1\" role=\"button\" aria-controls=\"elementor-tab-content-1761\" aria-expanded=\"false\">\n\t\t\t\t\t\t\t\t\t\t\t\t\t<span class=\"elementor-accordion-icon elementor-accordion-icon-right\" aria-hidden=\"true\">\n\t\t\t\t\t\t\t\t\t\t\t\t\t\t\t<span class=\"elementor-accordion-icon-closed\"><i class=\"printec-icon- printec-icon-plus\"><\/i><\/span>\n\t\t\t\t\t\t\t\t<span class=\"elementor-accordion-icon-opened\"><i class=\"printec-icon- printec-icon-minus\"><\/i><\/span>\n\t\t\t\t\t\t\t\t\t\t\t\t\t\t<\/span>\n\t\t\t\t\t\t\t\t\t\t\t\t<a class=\"elementor-accordion-title\" tabindex=\"0\">Conception & Impression<\/a>\n\t\t\t\t\t<\/div>\n\t\t\t\t\t<div id=\"elementor-tab-content-1761\" class=\"elementor-tab-content elementor-clearfix\" data-tab=\"1\" role=\"region\" aria-labelledby=\"elementor-tab-title-1761\"><ul class=\"ul1\"><li class=\"li1\">Baches,<\/li><li class=\"li1\">Autocollants,<\/li><li class=\"li1\">Etiquettes<\/li><li class=\"li1\">Affiches,<\/li><li class=\"li1\">flyers,<\/li><li class=\"li1\">D\u00e9pliants,<\/li><li class=\"li1\">Carte de visite<\/li><li class=\"li1\">Carnet de<\/li><\/ul><\/div>\n\t\t\t\t<\/div>\n\t\t\t\t\t\t\t<div class=\"elementor-accordion-item\">\n\t\t\t\t\t<div id=\"elementor-tab-title-1762\" class=\"elementor-tab-title\" data-tab=\"2\" role=\"button\" aria-controls=\"elementor-tab-content-1762\" aria-expanded=\"false\">\n\t\t\t\t\t\t\t\t\t\t\t\t\t<span class=\"elementor-accordion-icon elementor-accordion-icon-right\" aria-hidden=\"true\">\n\t\t\t\t\t\t\t\t\t\t\t\t\t\t\t<span class=\"elementor-accordion-icon-closed\"><i class=\"printec-icon- printec-icon-plus\"><\/i><\/span>\n\t\t\t\t\t\t\t\t<span class=\"elementor-accordion-icon-opened\"><i class=\"printec-icon- printec-icon-minus\"><\/i><\/span>\n\t\t\t\t\t\t\t\t\t\t\t\t\t\t<\/span>\n\t\t\t\t\t\t\t\t\t\t\t\t<a class=\"elementor-accordion-title\" tabindex=\"0\">Confection et pose<\/a>\n\t\t\t\t\t<\/div>\n\t\t\t\t\t<div id=\"elementor-tab-content-1762\" class=\"elementor-tab-content elementor-clearfix\" data-tab=\"2\" role=\"region\" aria-labelledby=\"elementor-tab-title-1762\"><ul class=\"ul1\"><li class=\"li1\">Enseigne<\/li><li class=\"li1\">lettrage 3D,<\/li><li class=\"li1\">Totem,<\/li><li class=\"li1\">Kakemono,<\/li><li class=\"li1\">Panneaux,<\/li><li class=\"li1\">Bloc note,<\/li><li class=\"li1\">Badges,<\/li><\/ul><\/div>\n\t\t\t\t<\/div>\n\t\t\t\t\t\t\t<div class=\"elementor-accordion-item\">\n\t\t\t\t\t<div id=\"elementor-tab-title-1763\" class=\"elementor-tab-title\" data-tab=\"3\" role=\"button\" aria-controls=\"elementor-tab-content-1763\" aria-expanded=\"false\">\n\t\t\t\t\t\t\t\t\t\t\t\t\t<span class=\"elementor-accordion-icon elementor-accordion-icon-right\" aria-hidden=\"true\">\n\t\t\t\t\t\t\t\t\t\t\t\t\t\t\t<span class=\"elementor-accordion-icon-closed\"><i class=\"printec-icon- printec-icon-plus\"><\/i><\/span>\n\t\t\t\t\t\t\t\t<span class=\"elementor-accordion-icon-opened\"><i class=\"printec-icon- printec-icon-minus\"><\/i><\/span>\n\t\t\t\t\t\t\t\t\t\t\t\t\t\t<\/span>\n\t\t\t\t\t\t\t\t\t\t\t\t<a class=\"elementor-accordion-title\" tabindex=\"0\">Personnalisation des Articles<\/a>\n\t\t\t\t\t<\/div>\n\t\t\t\t\t<div id=\"elementor-tab-content-1763\" class=\"elementor-tab-content elementor-clearfix\" data-tab=\"3\" role=\"region\" aria-labelledby=\"elementor-tab-title-1763\"><ul class=\"ul1\"><li class=\"li1\">T-shirts,<\/li><li class=\"li1\">Polos,<\/li><li class=\"li1\">Casquettes,<\/li><li class=\"li1\">Mug (tasse),<\/li><li class=\"li1\">Stylos,<\/li><li class=\"li1\">Porte-cl\u00e9s<\/li><\/ul><\/div>\n\t\t\t\t<\/div>\n\t\t\t\t\t\t\t<div class=\"elementor-accordion-item\">\n\t\t\t\t\t<div id=\"elementor-tab-title-1764\" class=\"elementor-tab-title\" data-tab=\"4\" role=\"button\" aria-controls=\"elementor-tab-content-1764\" aria-expanded=\"false\">\n\t\t\t\t\t\t\t\t\t\t\t\t\t<span class=\"elementor-accordion-icon elementor-accordion-icon-right\" aria-hidden=\"true\">\n\t\t\t\t\t\t\t\t\t\t\t\t\t\t\t<span class=\"elementor-accordion-icon-closed\"><i class=\"printec-icon- printec-icon-plus\"><\/i><\/span>\n\t\t\t\t\t\t\t\t<span class=\"elementor-accordion-icon-opened\"><i class=\"printec-icon- printec-icon-minus\"><\/i><\/span>\n\t\t\t\t\t\t\t\t\t\t\t\t\t\t<\/span>\n\t\t\t\t\t\t\t\t\t\t\t\t<a class=\"elementor-accordion-title\" tabindex=\"0\">Reprographie<\/a>\n\t\t\t\t\t<\/div>\n\t\t\t\t\t<div id=\"elementor-tab-content-1764\" class=\"elementor-tab-content elementor-clearfix\" data-tab=\"4\" role=\"region\" aria-labelledby=\"elementor-tab-title-1764\"><ul class=\"ul1\"><li class=\"li1\">Photocopie,<\/li><li class=\"li1\">Saisie documents,<\/li><li class=\"li1\">Reluire,<\/li><li class=\"li1\">Plastification,<\/li><li class=\"li1\">Pelliculage,<\/li><li>Scan,<\/li><\/ul><\/div>\n\t\t\t\t<\/div>\n\t\t\t\t\t\t\t<div class=\"elementor-accordion-item\">\n\t\t\t\t\t<div id=\"elementor-tab-title-1765\" class=\"elementor-tab-title\" data-tab=\"5\" role=\"button\" aria-controls=\"elementor-tab-content-1765\" aria-expanded=\"false\">\n\t\t\t\t\t\t\t\t\t\t\t\t\t<span class=\"elementor-accordion-icon elementor-accordion-icon-right\" aria-hidden=\"true\">\n\t\t\t\t\t\t\t\t\t\t\t\t\t\t\t<span class=\"elementor-accordion-icon-closed\"><i class=\"printec-icon- printec-icon-plus\"><\/i><\/span>\n\t\t\t\t\t\t\t\t<span class=\"elementor-accordion-icon-opened\"><i class=\"printec-icon- printec-icon-minus\"><\/i><\/span>\n\t\t\t\t\t\t\t\t\t\t\t\t\t\t<\/span>\n\t\t\t\t\t\t\t\t\t\t\t\t<a class=\"elementor-accordion-title\" tabindex=\"0\">Commerce General & Maintenance<\/a>\n\t\t\t\t\t<\/div>\n\t\t\t\t\t<div id=\"elementor-tab-content-1765\" class=\"elementor-tab-content elementor-clearfix\" data-tab=\"5\" role=\"region\" aria-labelledby=\"elementor-tab-title-1765\"><ul class=\"ul1\"><li class=\"li1\">Vente des Articles suivants :<\/li><li class=\"li1\">Tracers, Machine de DTF &amp; UV etc&#8230;<\/li><li class=\"li1\">Encre Eco-Solvent, Film DTF et Encre DTF<\/li><li class=\"li1\">Installation et Maintenance des Machines: Tracers et Machine de DTF<\/li><li>D\u00e9veloppement de site web<\/li><\/ul><\/div>\n\t\t\t\t<\/div>\n\t\t\t\t\t\t\t\t<\/div>\n\t\t\t\t\t\t<\/div>\n\t\t\t\t\t<\/div>\n\t\t<\/div>\n\t\t\t\t\t<\/div>\n\t\t<\/div>\n\t\t\t\t<div class=\"elementor-section elementor-top-section elementor-element elementor-element-7e353d4f elementor-section-stretched elementor-section-boxed elementor-section-height-default elementor-section-height-default\" data-id=\"7e353d4f\" data-element_type=\"section\" data-settings=\"{&quot;stretch_section&quot;:&quot;section-stretched&quot;,&quot;background_background&quot;:&quot;classic&quot;}\">\n\t\t\t\t\t\t<div class=\"elementor-container elementor-column-gap-no\">\n\t\t\t\t\t<div class=\"elementor-column elementor-col-100 elementor-top-column elementor-element elementor-element-6e8c0cfe\" data-id=\"6e8c0cfe\" data-element_type=\"column\">\n\t\t\t<div class=\"elementor-widget-wrap elementor-element-populated\">\n\t\t\t\t\t\t<div class=\"elementor-element elementor-element-4e473f34 elementor-widget elementor-widget-heading\" data-id=\"4e473f34\" data-element_type=\"widget\" data-widget_type=\"heading.default\">\n\t\t\t\t\t<h2 class=\"elementor-heading-title elementor-size-default\">Demandez votre devis gratuit<\/h2>\t\t\t\t<\/div>\n\t\t<div class=\"elementor-element elementor-element-61d8ee6 e-con-full e-flex e-con e-parent\" data-id=\"61d8ee6\" data-element_type=\"container\">\n\t\t\t\t<div class=\"elementor-element elementor-element-8cf1a12 elementor-widget elementor-widget-printec-contactform\" data-id=\"8cf1a12\" data-element_type=\"widget\" data-widget_type=\"printec-contactform.default\">\n\t\t\t\t<div class=\"elementor-widget-container\">\n\t\t\t\t\t\n<div class=\"wpcf7 no-js\" id=\"wpcf7-f5459-o1\" lang=\"en-US\" dir=\"ltr\" data-wpcf7-id=\"5459\">\n<div class=\"screen-reader-response\"><p role=\"status\" aria-live=\"polite\" aria-atomic=\"true\"><\/p> <ul><\/ul><\/div>\n<form action=\"\/index.php\/wp-json\/wp\/v2\/pages\/6017#wpcf7-f5459-o1\" method=\"post\" class=\"wpcf7-form init\" aria-label=\"Contact form\" enctype=\"multipart\/form-data\" novalidate=\"novalidate\" data-status=\"init\">\n<fieldset class=\"hidden-fields-container\"><input type=\"hidden\" name=\"_wpcf7\" value=\"5459\" \/><input type=\"hidden\" name=\"_wpcf7_version\" value=\"6.1.4\" \/><input type=\"hidden\" name=\"_wpcf7_locale\" value=\"en_US\" \/><input type=\"hidden\" name=\"_wpcf7_unit_tag\" value=\"wpcf7-f5459-o1\" \/><input type=\"hidden\" name=\"_wpcf7_container_post\" value=\"0\" \/><input type=\"hidden\" name=\"_wpcf7_posted_data_hash\" value=\"\" \/>\n<\/fieldset>\n<div class=\"form-rq\">\n\t<div class=\"row\">\n\t\t<div class=\"column-12 column-tablet-12 column-desktop-12\">\n\t\t\t<div class=\"text\">\n\t\t\t\t<div class=\"ct-header\">\n\t\t\t\t\t<p>Suject\n\t\t\t\t\t<\/p>\n\t\t\t\t<\/div>\n\t\t\t\t<div class=\"ct-sub\">\n\t\t\t\t\t<p>Qu'est-ce qui d\u00e9crit le mieux votre demande ?\n\t\t\t\t\t<\/p>\n\t\t\t\t<\/div>\n\t\t\t<\/div>\n\t\t\t<p><span class=\"wpcf7-form-control-wrap\" data-name=\"your-option\"><select class=\"wpcf7-form-control wpcf7-select wpcf7-validates-as-required\" aria-required=\"true\" aria-invalid=\"false\" name=\"your-option\"><option value=\"\">&#8212;Please choose an option&#8212;<\/option><option value=\"Services d&#039;impression\">Services d&#039;impression<\/option><option value=\"Conception et impression de banni\u00e8res\">Conception et impression de banni\u00e8res<\/option><option value=\"Impression de couvertures de livres\">Impression de couvertures de livres<\/option><option value=\"Design Services\">Design Services<\/option><option value=\"Num\u00e9risation\">Num\u00e9risation<\/option><option value=\"Strat\u00e9gie de marque\">Strat\u00e9gie de marque<\/option><\/select><\/span>\n\t\t\t<\/p>\n\t\t<\/div>\n\t\t<div class=\"column-12 column-tablet-12 column-desktop-12\">\n\t\t\t<div class=\"text\">\n\t\t\t\t<div class=\"ct-header\">\n\t\t\t\t\t<p>Votre message\n\t\t\t\t\t<\/p>\n\t\t\t\t<\/div>\n\t\t\t\t<div class=\"ct-sub\">\n\t\t\t\t\t<p>Veuillez fournir autant de d\u00e9tails que possible.\n\t\t\t\t\t<\/p>\n\t\t\t\t<\/div>\n\t\t\t<\/div>\n\t\t\t<div class=\"message\">\n\t\t\t\t<p><span class=\"wpcf7-form-control-wrap\" data-name=\"your-message\"><textarea cols=\"40\" rows=\"6\" maxlength=\"2000\" class=\"wpcf7-form-control wpcf7-textarea wpcf7-validates-as-required\" aria-required=\"true\" aria-invalid=\"false\" placeholder=\"Message\" name=\"your-message\"><\/textarea><\/span>\n\t\t\t\t<\/p>\n\t\t\t<\/div>\n\t\t\t<div class=\"add-files\">\n\t\t\t\t<p><span class=\"wpcf7-form-control-wrap\" data-name=\"file-388\"><input size=\"40\" class=\"wpcf7-form-control wpcf7-file\" accept=\"audio\/*,video\/*,image\/*\" aria-invalid=\"false\" type=\"file\" name=\"file-388\" \/><\/span>\n\t\t\t\t<\/p>\n\t\t\t<\/div>\n\t\t<\/div>\n\t<\/div>\n\t<p><input class=\"wpcf7-form-control wpcf7-submit has-spinner Envoyer\" type=\"submit\" value=\"Envoyer\" \/>\n\t<\/p>\n<\/div><div class=\"wpcf7-response-output\" aria-hidden=\"true\"><\/div>\n<\/form>\n<\/div>\n\t\t\t\t<\/div>\n\t\t\t\t<\/div>\n\t\t\t\t<\/div>\n\t\t\t\t\t<\/div>\n\t\t<\/div>\n\t\t\t\t\t<\/div>\n\t\t<\/div>\n\t\t\t\t<\/div>\n\t\t","protected":false},"excerpt":{"rendered":"<p>Nos services d\u2019impression au Mali Nous proposons une gamme compl\u00e8te de services pour r\u00e9pondre \u00e0 tous vos besoins en communication visuelle. Conception &#038; Impression Baches, Autocollants, Etiquettes Affiches, flyers, D\u00e9pliants, Carte de visite Carnet de Confection et pose Enseigne lettrage 3D, Totem, Kakemono, Panneaux, Bloc note, Badges, Personnalisation des Articles T-shirts, Polos, Casquettes, Mug (tasse), [&hellip;]<\/p>\n","protected":false},"author":1,"featured_media":0,"parent":0,"menu_order":0,"comment_status":"closed","ping_status":"closed","template":"","meta":{"footnotes":""},"class_list":["post-6017","page","type-page","status-publish","hentry"],"jetpack_sharing_enabled":true,"_links":{"self":[{"href":"https:\/\/lifeprint.ml\/index.php\/wp-json\/wp\/v2\/pages\/6017","targetHints":{"allow":["GET"]}}],"collection":[{"href":"https:\/\/lifeprint.ml\/index.php\/wp-json\/wp\/v2\/pages"}],"about":[{"href":"https:\/\/lifeprint.ml\/index.php\/wp-json\/wp\/v2\/types\/page"}],"author":[{"embeddable":true,"href":"https:\/\/lifeprint.ml\/index.php\/wp-json\/wp\/v2\/users\/1"}],"replies":[{"embeddable":true,"href":"https:\/\/lifeprint.ml\/index.php\/wp-json\/wp\/v2\/comments?post=6017"}],"version-history":[{"count":30,"href":"https:\/\/lifeprint.ml\/index.php\/wp-json\/wp\/v2\/pages\/6017\/revisions"}],"predecessor-version":[{"id":10266,"href":"https:\/\/lifeprint.ml\/index.php\/wp-json\/wp\/v2\/pages\/6017\/revisions\/10266"}],"wp:attachment":[{"href":"https:\/\/lifeprint.ml\/index.php\/wp-json\/wp\/v2\/media?parent=6017"}],"curies":[{"name":"wp","href":"https:\/\/api.w.org\/{rel}","templated":true}]}}