{"id":2006,"date":"2023-02-13T07:13:44","date_gmt":"2023-02-13T07:13:44","guid":{"rendered":"https:\/\/source.wpopal.com\/printec\/?page_id=2006"},"modified":"2026-04-06T14:41:54","modified_gmt":"2026-04-06T12:41:54","slug":"contact-1","status":"publish","type":"page","link":"https:\/\/lifeprint.ml\/index.php\/contact-1\/","title":{"rendered":"Contact 1"},"content":{"rendered":"\t\t<div data-elementor-type=\"wp-page\" data-elementor-id=\"2006\" class=\"elementor elementor-2006\">\n\t\t\t\t\t\t<div class=\"elementor-section elementor-top-section elementor-element elementor-element-613c0bd elementor-section-stretched elementor-section-boxed elementor-section-height-default elementor-section-height-default\" data-id=\"613c0bd\" data-element_type=\"section\" data-settings=\"{&quot;stretch_section&quot;:&quot;section-stretched&quot;}\">\n\t\t\t\t\t\t<div class=\"elementor-container elementor-column-gap-no\">\n\t\t\t\t\t<div class=\"elementor-column elementor-col-100 elementor-top-column elementor-element elementor-element-ea779b6\" data-id=\"ea779b6\" data-element_type=\"column\">\n\t\t\t<div class=\"elementor-widget-wrap elementor-element-populated\">\n\t\t\t\t\t\t<div class=\"elementor-element elementor-element-66d2925 elementor-widget elementor-widget-heading\" data-id=\"66d2925\" data-element_type=\"widget\" data-widget_type=\"heading.default\">\n\t\t\t\t\t<h2 class=\"elementor-heading-title elementor-size-default\"><span style=\"color: var(--primary)\">Contactez-Nous<\/h2>\t\t\t\t<\/div>\n\t\t\t\t<div class=\"elementor-element elementor-element-982f9b7 elementor-widget__width-initial elementor-widget elementor-widget-text-editor\" data-id=\"982f9b7\" data-element_type=\"widget\" data-widget_type=\"text-editor.default\">\n\t\t\t\t\t\t\t\t\t<p data-start=\"4313\" data-end=\"4377\">Notre \u00e9quipe est disponible pour r\u00e9pondre \u00e0 toutes vos demandes.<\/p>\t\t\t\t\t\t\t\t<\/div>\n\t\t\t\t<div class=\"elementor-section elementor-inner-section elementor-element elementor-element-720b793 elementor-section-full_width elementor-section-height-default elementor-section-height-default\" data-id=\"720b793\" data-element_type=\"section\">\n\t\t\t\t\t\t<div class=\"elementor-container elementor-column-gap-no\">\n\t\t\t\t\t<div class=\"elementor-column elementor-col-33 elementor-inner-column elementor-element elementor-element-865dc0e\" data-id=\"865dc0e\" data-element_type=\"column\">\n\t\t\t<div class=\"elementor-widget-wrap elementor-element-populated\">\n\t\t\t\t\t\t<div class=\"elementor-element elementor-element-0e6e40e elementor-view-default elementor-position-block-start elementor-mobile-position-block-start elementor-widget elementor-widget-icon-box\" data-id=\"0e6e40e\" data-element_type=\"widget\" data-widget_type=\"icon-box.default\">\n\t\t\t\t\t\t\t<div class=\"elementor-icon-box-wrapper\">\n\n\t\t\t\t\t\t<div class=\"elementor-icon-box-icon\">\n\t\t\t\t<span  class=\"elementor-icon\">\n\t\t\t\t<svg xmlns=\"http:\/\/www.w3.org\/2000\/svg\" width=\"45\" height=\"45\" viewBox=\"0 0 45 45\" fill=\"none\"><g clip-path=\"url(#clip0_1026_614)\"><path d=\"M38.8485 15.9961C37.8776 15.9961 37.0907 16.7831 37.0907 17.7539V38.6719C37.0907 39.6411 36.3021 40.4297 35.3329 40.4297H32.0512C31.6204 40.9961 31.1572 41.5667 30.6602 42.1402C30.0933 42.7946 29.5299 43.4002 28.998 43.9453H35.3329C38.2406 43.9453 40.6063 41.5796 40.6063 38.6719V17.7539C40.6063 16.7831 39.8193 15.9961 38.8485 15.9961Z\" fill=\"white\"><\/path><path d=\"M14.3406 42.1402C13.8437 41.5667 13.3805 40.9961 12.9497 40.4297H9.66797C8.69871 40.4297 7.91016 39.6411 7.91016 38.6719V17.7539C7.91016 16.7831 7.12318 15.9961 6.15234 15.9961C5.1815 15.9961 4.39453 16.7831 4.39453 17.7539V38.6719C4.39453 41.5796 6.7602 43.9453 9.66797 43.9453H16.0028C15.4709 43.4002 14.9075 42.7946 14.3406 42.1402Z\" fill=\"white\"><\/path><path d=\"M19.8633 29.7866C19.8633 28.3304 21.0438 27.1499 22.5 27.1499C23.9562 27.1499 25.1367 28.3304 25.1367 29.7866C25.1367 31.2428 23.9562 32.4233 22.5 32.4233C21.0438 32.4233 19.8633 31.2428 19.8633 29.7866Z\" fill=\"white\"><\/path><path d=\"M38.847 15.9961C37.8761 15.9961 37.0892 16.7831 37.0892 17.7539V38.6719C37.0892 39.6411 36.3006 40.4297 35.3313 40.4297H32.0497C31.6188 40.9961 31.1557 41.5667 30.6587 42.1402C30.0918 42.7946 29.5284 43.4002 28.9965 43.9453H35.3313C38.2391 43.9453 40.6048 41.5796 40.6048 38.6719V17.7539C40.6048 16.7831 39.8178 15.9961 38.847 15.9961Z\" fill=\"url(#paint0_linear_1026_614)\"><\/path><path d=\"M14.3399 42.1402C13.843 41.5667 13.3798 40.9961 12.949 40.4297H9.66729C8.69803 40.4297 7.90948 39.6411 7.90948 38.6719V17.7539C7.90948 16.7831 7.1225 15.9961 6.15166 15.9961C5.18082 15.9961 4.39385 16.7831 4.39385 17.7539V38.6719C4.39385 41.5796 6.75952 43.9453 9.66729 43.9453H16.0021C15.4703 43.4002 14.9068 42.7946 14.3399 42.1402Z\" fill=\"url(#paint1_linear_1026_614)\"><\/path><path fill-rule=\"evenodd\" clip-rule=\"evenodd\" d=\"M2.28562 23.222L22.4993 5.66797L42.713 23.222L45.0182 20.5676L22.4993 1.01172L-0.0195312 20.5676L2.28562 23.222Z\" fill=\"url(#paint2_linear_1026_614)\"><\/path><path d=\"M19.8626 29.7865C19.8626 28.3303 21.0431 27.1498 22.4993 27.1498C23.9555 27.1498 25.136 28.3303 25.136 29.7865C25.136 31.2427 23.9555 32.4232 22.4993 32.4232C21.0431 32.4232 19.8626 31.2427 19.8626 29.7865Z\" fill=\"url(#paint3_linear_1026_614)\"><\/path><path fill-rule=\"evenodd\" clip-rule=\"evenodd\" d=\"M23.609 44.158L22.4993 42.7948L21.3895 44.158L22.4993 45.0613L23.609 44.158ZM22.4993 40.4561C22.4636 40.4233 22.4273 40.3897 22.3903 40.3554C21.64 39.6595 20.6443 38.6792 19.6541 37.5362C18.659 36.3876 17.7011 35.1111 16.9995 33.8239C16.2888 32.5201 15.9096 31.3296 15.9096 30.3198V29.7934C15.9096 26.1536 18.86 23.2031 22.4993 23.2031C26.1387 23.2031 29.0891 26.1536 29.0891 29.7934V30.3198C29.0891 31.3296 28.7098 32.5201 27.9991 33.8239C27.2975 35.1111 26.3396 36.3876 25.3445 37.5362C24.3542 38.6792 23.3586 39.6595 22.6083 40.3554C22.5713 40.3897 22.535 40.4233 22.4993 40.4561ZM31.086 35.5064C31.9405 33.9388 32.6047 32.15 32.6047 30.3198V29.7934C32.6047 24.2122 28.0805 19.6875 22.4993 19.6875C16.9181 19.6875 12.394 24.2122 12.394 29.7934V30.3198C12.394 32.15 13.0582 33.9388 13.9126 35.5064C14.7762 37.0908 15.9052 38.578 16.997 39.8382C18.0936 41.104 19.1848 42.1774 19.9997 42.9331C20.4082 43.312 20.7502 43.6137 20.9924 43.8227C21.1136 43.9272 21.21 44.0087 21.2775 44.0652C21.3113 44.0934 21.3378 44.1155 21.3567 44.131C21.3661 44.1388 21.3736 44.1449 21.3791 44.1494L21.3858 44.155L21.3895 44.158C21.3899 44.1583 21.3895 44.158 22.4993 42.7948C23.609 44.158 23.6087 44.1583 23.609 44.158L23.6127 44.155L23.6195 44.1494C23.625 44.1449 23.6324 44.1388 23.6419 44.131C23.6607 44.1155 23.6873 44.0935 23.721 44.0652C23.7885 44.0087 23.885 43.9272 24.0061 43.8227C24.2483 43.6138 24.5903 43.312 24.9989 42.9331C25.8137 42.1774 26.905 41.104 28.0016 39.8382C29.0934 38.578 30.2224 37.0908 31.086 35.5064Z\" fill=\"url(#paint4_linear_1026_614)\"><\/path><\/g><defs><linearGradient id=\"paint0_linear_1026_614\" x1=\"22.4993\" y1=\"1.01172\" x2=\"22.4993\" y2=\"45.0613\" gradientUnits=\"userSpaceOnUse\"><stop stop-color=\"#098DFA\"><\/stop><stop offset=\"1\" stop-color=\"#7000FE\"><\/stop><\/linearGradient><linearGradient id=\"paint1_linear_1026_614\" x1=\"22.4993\" y1=\"1.01172\" x2=\"22.4993\" y2=\"45.0613\" gradientUnits=\"userSpaceOnUse\"><stop stop-color=\"#098DFA\"><\/stop><stop offset=\"1\" stop-color=\"#7000FE\"><\/stop><\/linearGradient><linearGradient id=\"paint2_linear_1026_614\" x1=\"22.4993\" y1=\"1.01172\" x2=\"22.4993\" y2=\"45.0613\" gradientUnits=\"userSpaceOnUse\"><stop stop-color=\"#098DFA\"><\/stop><stop offset=\"1\" stop-color=\"#7000FE\"><\/stop><\/linearGradient><linearGradient id=\"paint3_linear_1026_614\" x1=\"22.4993\" y1=\"1.01172\" x2=\"22.4993\" y2=\"45.0613\" gradientUnits=\"userSpaceOnUse\"><stop stop-color=\"#098DFA\"><\/stop><stop offset=\"1\" stop-color=\"#7000FE\"><\/stop><\/linearGradient><linearGradient id=\"paint4_linear_1026_614\" x1=\"22.4993\" y1=\"1.01172\" x2=\"22.4993\" y2=\"45.0613\" gradientUnits=\"userSpaceOnUse\"><stop stop-color=\"#098DFA\"><\/stop><stop offset=\"1\" stop-color=\"#7000FE\"><\/stop><\/linearGradient><clipPath id=\"clip0_1026_614\"><rect width=\"45\" height=\"45\" fill=\"white\"><\/rect><\/clipPath><\/defs><\/svg>\t\t\t\t<\/span>\n\t\t\t<\/div>\n\t\t\t\n\t\t\t\t\t\t<div class=\"elementor-icon-box-content\">\n\n\t\t\t\t\t\t\t\t\t<h3 class=\"elementor-icon-box-title\">\n\t\t\t\t\t\t<span  >\n\t\t\t\t\t\t\tAddress\t\t\t\t\t\t<\/span>\n\t\t\t\t\t<\/h3>\n\t\t\t\t\n\t\t\t\t\t\t\t\t\t<p class=\"elementor-icon-box-description\">\n\t\t\t\t\t\tBureau: Kalaban coura <br> sur la route de l\u2019a\u00e9roport\n\t\t\t\t\t<\/p>\n\t\t\t\t\n\t\t\t<\/div>\n\t\t\t\n\t\t<\/div>\n\t\t\t\t\t\t<\/div>\n\t\t\t\t\t<\/div>\n\t\t<\/div>\n\t\t\t\t<div class=\"elementor-column elementor-col-33 elementor-inner-column elementor-element elementor-element-fa61b4b\" data-id=\"fa61b4b\" data-element_type=\"column\">\n\t\t\t<div class=\"elementor-widget-wrap elementor-element-populated\">\n\t\t\t\t\t\t<div class=\"elementor-element elementor-element-638770b elementor-view-default elementor-position-block-start elementor-mobile-position-block-start elementor-widget elementor-widget-icon-box\" data-id=\"638770b\" data-element_type=\"widget\" data-widget_type=\"icon-box.default\">\n\t\t\t\t\t\t\t<div class=\"elementor-icon-box-wrapper\">\n\n\t\t\t\t\t\t<div class=\"elementor-icon-box-icon\">\n\t\t\t\t<span  class=\"elementor-icon\">\n\t\t\t\t<svg xmlns=\"http:\/\/www.w3.org\/2000\/svg\" width=\"45\" height=\"45\" viewBox=\"0 0 45 45\" fill=\"none\"><g clip-path=\"url(#clip0_1026_642)\"><path fill-rule=\"evenodd\" clip-rule=\"evenodd\" d=\"M0 24.2578C0 28.1411 3.14801 31.2891 7.03125 31.2891H10.5469V17.2266H7.03125C3.14801 17.2266 0 20.3746 0 24.2578ZM7.03125 27.7734C5.08963 27.7734 3.51562 26.1994 3.51562 24.2578C3.51562 22.3162 5.08963 20.7422 7.03125 20.7422V27.7734Z\" fill=\"url(#paint0_linear_1026_642)\"><\/path><path fill-rule=\"evenodd\" clip-rule=\"evenodd\" d=\"M34.4531 31.2891H37.9687C41.852 31.2891 45 28.1411 45 24.2578C45 20.3746 41.852 17.2266 37.9687 17.2266H34.4531V31.2891ZM37.9687 27.7734V20.7422C39.9104 20.7422 41.4844 22.3162 41.4844 24.2578C41.4844 26.1994 39.9104 27.7734 37.9687 27.7734Z\" fill=\"url(#paint1_linear_1026_642)\"><\/path><path fill-rule=\"evenodd\" clip-rule=\"evenodd\" d=\"M3.51562 18.9844V19.2844H7.03125V18.9844C7.03125 10.2471 13.7627 3.51562 22.5 3.51562C31.2373 3.51562 37.9687 10.2471 37.9687 18.9844V19.2844H41.4844V18.9844C41.4844 8.30543 33.1789 0 22.5 0C11.8211 0 3.51562 8.30543 3.51562 18.9844Z\" fill=\"url(#paint2_linear_1026_642)\"><\/path><path fill-rule=\"evenodd\" clip-rule=\"evenodd\" d=\"M17.2266 39.7266C17.2266 42.639 19.5876 45 22.5 45C25.4125 45 27.7734 42.6389 27.7734 39.7266C27.7734 36.8142 25.4125 34.4531 22.5 34.4531C19.5876 34.4531 17.2266 36.8142 17.2266 39.7266ZM22.5 41.4844C21.5292 41.4844 20.7422 40.6973 20.7422 39.7266C20.7422 38.7558 21.5292 37.9687 22.5 37.9687C23.4708 37.9687 24.2578 38.7557 24.2578 39.7266C24.2578 40.6974 23.4708 41.4844 22.5 41.4844Z\" fill=\"url(#paint3_linear_1026_642)\"><\/path><path fill-rule=\"evenodd\" clip-rule=\"evenodd\" d=\"M32.6953 37.9687H26.0156V41.4844H32.6953C37.5494 41.4844 41.4844 37.5494 41.4844 32.6953V29.2312H37.9688V32.6953C37.9688 35.6078 35.6078 37.9687 32.6953 37.9687Z\" fill=\"url(#paint4_linear_1026_642)\"><\/path><path fill-rule=\"evenodd\" clip-rule=\"evenodd\" d=\"M22.5 32.0172L26.7437 27.7734H31.2891V13.7109H13.7109V27.7734H18.2563L22.5 32.0172ZM22.5 27.0453L19.7125 24.2578H17.2266V17.2266H27.7734V24.2578H25.2875L22.5 27.0453Z\" fill=\"url(#paint5_linear_1026_642)\"><\/path><\/g><defs><linearGradient id=\"paint0_linear_1026_642\" x1=\"22.5\" y1=\"0\" x2=\"22.5\" y2=\"45\" gradientUnits=\"userSpaceOnUse\"><stop stop-color=\"#098DFA\"><\/stop><stop offset=\"1\" stop-color=\"#7000FE\"><\/stop><\/linearGradient><linearGradient id=\"paint1_linear_1026_642\" x1=\"22.5\" y1=\"0\" x2=\"22.5\" y2=\"45\" gradientUnits=\"userSpaceOnUse\"><stop stop-color=\"#098DFA\"><\/stop><stop offset=\"1\" stop-color=\"#7000FE\"><\/stop><\/linearGradient><linearGradient id=\"paint2_linear_1026_642\" x1=\"22.5\" y1=\"0\" x2=\"22.5\" y2=\"45\" gradientUnits=\"userSpaceOnUse\"><stop stop-color=\"#098DFA\"><\/stop><stop offset=\"1\" stop-color=\"#7000FE\"><\/stop><\/linearGradient><linearGradient id=\"paint3_linear_1026_642\" x1=\"22.5\" y1=\"0\" x2=\"22.5\" y2=\"45\" gradientUnits=\"userSpaceOnUse\"><stop stop-color=\"#098DFA\"><\/stop><stop offset=\"1\" stop-color=\"#7000FE\"><\/stop><\/linearGradient><linearGradient id=\"paint4_linear_1026_642\" x1=\"22.5\" y1=\"0\" x2=\"22.5\" y2=\"45\" gradientUnits=\"userSpaceOnUse\"><stop stop-color=\"#098DFA\"><\/stop><stop offset=\"1\" stop-color=\"#7000FE\"><\/stop><\/linearGradient><linearGradient id=\"paint5_linear_1026_642\" x1=\"22.5\" y1=\"0\" x2=\"22.5\" y2=\"45\" gradientUnits=\"userSpaceOnUse\"><stop stop-color=\"#098DFA\"><\/stop><stop offset=\"1\" stop-color=\"#7000FE\"><\/stop><\/linearGradient><clipPath id=\"clip0_1026_642\"><rect width=\"45\" height=\"45\" fill=\"white\"><\/rect><\/clipPath><\/defs><\/svg>\t\t\t\t<\/span>\n\t\t\t<\/div>\n\t\t\t\n\t\t\t\t\t\t<div class=\"elementor-icon-box-content\">\n\n\t\t\t\t\t\t\t\t\t<h3 class=\"elementor-icon-box-title\">\n\t\t\t\t\t\t<span  >\n\t\t\t\t\t\t\tContacts\t\t\t\t\t\t<\/span>\n\t\t\t\t\t<\/h3>\n\t\t\t\t\n\t\t\t\t\t\t\t\t\t<p class=\"elementor-icon-box-description\">\n\t\t\t\t\t\tT\u00e9l\u00e9phone: +223 70029187 \n<br> 89 55 45 17 \/ 70 29 54 61\n<br>E-mail: lifeprint25@gmail.com\n\t\t\t\t\t<\/p>\n\t\t\t\t\n\t\t\t<\/div>\n\t\t\t\n\t\t<\/div>\n\t\t\t\t\t\t<\/div>\n\t\t\t\t\t<\/div>\n\t\t<\/div>\n\t\t\t\t<div class=\"elementor-column elementor-col-33 elementor-inner-column elementor-element elementor-element-6e6146b\" data-id=\"6e6146b\" data-element_type=\"column\">\n\t\t\t<div class=\"elementor-widget-wrap elementor-element-populated\">\n\t\t\t\t\t\t<div class=\"elementor-element elementor-element-e2cd0b0 elementor-view-default elementor-position-block-start elementor-mobile-position-block-start elementor-widget elementor-widget-icon-box\" data-id=\"e2cd0b0\" data-element_type=\"widget\" data-widget_type=\"icon-box.default\">\n\t\t\t\t\t\t\t<div class=\"elementor-icon-box-wrapper\">\n\n\t\t\t\t\t\t<div class=\"elementor-icon-box-icon\">\n\t\t\t\t<span  class=\"elementor-icon\">\n\t\t\t\t<svg xmlns=\"http:\/\/www.w3.org\/2000\/svg\" width=\"45\" height=\"45\" viewBox=\"0 0 45 45\" fill=\"none\"><g clip-path=\"url(#clip0_1026_667)\"><path fill-rule=\"evenodd\" clip-rule=\"evenodd\" d=\"M6.67969 22.5C6.67969 31.2373 13.7627 38.3203 22.5 38.3203C31.2373 38.3203 38.3203 31.2373 38.3203 22.5C38.3203 13.7626 31.2373 6.67969 22.5 6.67969C13.7627 6.67969 6.67969 13.7626 6.67969 22.5ZM22.5 34.8047C15.7044 34.8047 10.1953 29.2956 10.1953 22.5C10.1953 15.7043 15.7044 10.1953 22.5 10.1953C29.2956 10.1953 34.8047 15.7043 34.8047 22.5C34.8047 29.2956 29.2956 34.8047 22.5 34.8047Z\" fill=\"url(#paint0_linear_1026_667)\"><\/path><path fill-rule=\"evenodd\" clip-rule=\"evenodd\" d=\"M24.2578 21.7719L29.0164 26.5305L26.5305 29.0164L20.7422 23.2281V13.7109H24.2578V21.7719Z\" fill=\"url(#paint1_linear_1026_667)\"><\/path><path fill-rule=\"evenodd\" clip-rule=\"evenodd\" d=\"M6.32812 38.638C10.4327 42.5767 16.0073 45 22.1484 45C34.7691 45 45 34.769 45 22.1484V20.3906H41.4844V22.1484C41.4844 32.8274 32.8274 41.4844 22.1484 41.4844C15.4245 41.4844 9.50117 38.0538 6.0341 32.8393L2.8125 27.994V41.4844H6.32812V38.638Z\" fill=\"url(#paint2_linear_1026_667)\"><\/path><path fill-rule=\"evenodd\" clip-rule=\"evenodd\" d=\"M22.8516 0C10.2309 0 0 10.231 0 22.8516H3.51562C3.51562 12.1726 12.1726 3.51563 22.8516 3.51563C29.5755 3.51563 35.4988 6.94616 38.9659 12.1607L42.1875 17.006V3.51563H38.6719V6.36201C34.5673 2.42327 28.9927 0 22.8516 0Z\" fill=\"url(#paint3_linear_1026_667)\"><\/path><\/g><defs><linearGradient id=\"paint0_linear_1026_667\" x1=\"22.5\" y1=\"0\" x2=\"22.5\" y2=\"45\" gradientUnits=\"userSpaceOnUse\"><stop stop-color=\"#098DFA\"><\/stop><stop offset=\"1\" stop-color=\"#7000FE\"><\/stop><\/linearGradient><linearGradient id=\"paint1_linear_1026_667\" x1=\"22.5\" y1=\"0\" x2=\"22.5\" y2=\"45\" gradientUnits=\"userSpaceOnUse\"><stop stop-color=\"#098DFA\"><\/stop><stop offset=\"1\" stop-color=\"#7000FE\"><\/stop><\/linearGradient><linearGradient id=\"paint2_linear_1026_667\" x1=\"22.5\" y1=\"0\" x2=\"22.5\" y2=\"45\" gradientUnits=\"userSpaceOnUse\"><stop stop-color=\"#098DFA\"><\/stop><stop offset=\"1\" stop-color=\"#7000FE\"><\/stop><\/linearGradient><linearGradient id=\"paint3_linear_1026_667\" x1=\"22.5\" y1=\"0\" x2=\"22.5\" y2=\"45\" gradientUnits=\"userSpaceOnUse\"><stop stop-color=\"#098DFA\"><\/stop><stop offset=\"1\" stop-color=\"#7000FE\"><\/stop><\/linearGradient><clipPath id=\"clip0_1026_667\"><rect width=\"45\" height=\"45\" fill=\"white\"><\/rect><\/clipPath><\/defs><\/svg>\t\t\t\t<\/span>\n\t\t\t<\/div>\n\t\t\t\n\t\t\t\t\t\t<div class=\"elementor-icon-box-content\">\n\n\t\t\t\t\t\t\t\t\t<h3 class=\"elementor-icon-box-title\">\n\t\t\t\t\t\t<span  >\n\t\t\t\t\t\t\tHeures d'ouverture\t\t\t\t\t\t<\/span>\n\t\t\t\t\t<\/h3>\n\t\t\t\t\n\t\t\t\t\t\t\t\t\t<p class=\"elementor-icon-box-description\">\n\t\t\t\t\t\tNous sommes disponible <br>\nDu Lundi au samedi 24H\/24\t\t\t\t\t<\/p>\n\t\t\t\t\n\t\t\t<\/div>\n\t\t\t\n\t\t<\/div>\n\t\t\t\t\t\t<\/div>\n\t\t\t\t\t<\/div>\n\t\t<\/div>\n\t\t\t\t\t<\/div>\n\t\t<\/div>\n\t\t\t\t<div class=\"elementor-element elementor-element-596ef78 elementor-widget elementor-widget-google_maps\" data-id=\"596ef78\" data-element_type=\"widget\" data-widget_type=\"google_maps.default\">\n\t\t\t\t\t\t\t<div class=\"elementor-custom-embed\">\n\t\t\t<iframe loading=\"lazy\"\n\t\t\t\t\tsrc=\"https:\/\/maps.google.com\/maps?q=Kalaban%20coura%20sur%20la%20route%20de%20l%E2%80%99a%C3%A9roport&#038;t=m&#038;z=9&#038;output=embed&#038;iwloc=near\"\n\t\t\t\t\ttitle=\"Kalaban coura sur la route de l\u2019a\u00e9roport\"\n\t\t\t\t\taria-label=\"Kalaban coura sur la route de l\u2019a\u00e9roport\"\n\t\t\t><\/iframe>\n\t\t<\/div>\n\t\t\t\t\t\t<\/div>\n\t\t\t\t<div class=\"elementor-section elementor-inner-section elementor-element elementor-element-6a19b43 elementor-section-boxed elementor-section-height-default elementor-section-height-default\" data-id=\"6a19b43\" data-element_type=\"section\">\n\t\t\t\t\t\t<div class=\"elementor-container elementor-column-gap-no\">\n\t\t\t\t\t<div class=\"elementor-column elementor-col-100 elementor-inner-column elementor-element elementor-element-8e3d456\" data-id=\"8e3d456\" data-element_type=\"column\">\n\t\t\t<div class=\"elementor-widget-wrap elementor-element-populated\">\n\t\t\t\t\t\t<div class=\"elementor-element elementor-element-461b0d2 elementor-widget elementor-widget-heading\" data-id=\"461b0d2\" data-element_type=\"widget\" data-widget_type=\"heading.default\">\n\t\t\t\t\t<h2 class=\"elementor-heading-title elementor-size-default\">Envoyer <span style=\"color: var(--primary)\">un message<\/span><\/h2>\t\t\t\t<\/div>\n\t\t\t\t<div class=\"elementor-element elementor-element-b33ff9b elementor-widget elementor-widget-printec-contactform\" data-id=\"b33ff9b\" data-element_type=\"widget\" data-widget_type=\"printec-contactform.default\">\n\t\t\t\t<div class=\"elementor-widget-container\">\n\t\t\t\t\t\n<div class=\"wpcf7 no-js\" id=\"wpcf7-f5459-o1\" lang=\"en-US\" dir=\"ltr\" data-wpcf7-id=\"5459\">\n<div class=\"screen-reader-response\"><p role=\"status\" aria-live=\"polite\" aria-atomic=\"true\"><\/p> <ul><\/ul><\/div>\n<form action=\"\/index.php\/wp-json\/wp\/v2\/pages\/2006#wpcf7-f5459-o1\" method=\"post\" class=\"wpcf7-form init\" aria-label=\"Contact form\" enctype=\"multipart\/form-data\" novalidate=\"novalidate\" data-status=\"init\">\n<fieldset class=\"hidden-fields-container\"><input type=\"hidden\" name=\"_wpcf7\" value=\"5459\" \/><input type=\"hidden\" name=\"_wpcf7_version\" value=\"6.1.4\" \/><input type=\"hidden\" name=\"_wpcf7_locale\" value=\"en_US\" \/><input type=\"hidden\" name=\"_wpcf7_unit_tag\" value=\"wpcf7-f5459-o1\" \/><input type=\"hidden\" name=\"_wpcf7_container_post\" value=\"0\" \/><input type=\"hidden\" name=\"_wpcf7_posted_data_hash\" value=\"\" \/>\n<\/fieldset>\n<div class=\"form-rq\">\n\t<div class=\"row\">\n\t\t<div class=\"column-12 column-tablet-12 column-desktop-12\">\n\t\t\t<div class=\"text\">\n\t\t\t\t<div class=\"ct-header\">\n\t\t\t\t\t<p>Suject\n\t\t\t\t\t<\/p>\n\t\t\t\t<\/div>\n\t\t\t\t<div class=\"ct-sub\">\n\t\t\t\t\t<p>Qu'est-ce qui d\u00e9crit le mieux votre demande ?\n\t\t\t\t\t<\/p>\n\t\t\t\t<\/div>\n\t\t\t<\/div>\n\t\t\t<p><span class=\"wpcf7-form-control-wrap\" data-name=\"your-option\"><select class=\"wpcf7-form-control wpcf7-select wpcf7-validates-as-required\" aria-required=\"true\" aria-invalid=\"false\" name=\"your-option\"><option value=\"\">&#8212;Please choose an option&#8212;<\/option><option value=\"Services d&#039;impression\">Services d&#039;impression<\/option><option value=\"Conception et impression de banni\u00e8res\">Conception et impression de banni\u00e8res<\/option><option value=\"Impression de couvertures de livres\">Impression de couvertures de livres<\/option><option value=\"Design Services\">Design Services<\/option><option value=\"Num\u00e9risation\">Num\u00e9risation<\/option><option value=\"Strat\u00e9gie de marque\">Strat\u00e9gie de marque<\/option><\/select><\/span>\n\t\t\t<\/p>\n\t\t<\/div>\n\t\t<div class=\"column-12 column-tablet-12 column-desktop-12\">\n\t\t\t<div class=\"text\">\n\t\t\t\t<div class=\"ct-header\">\n\t\t\t\t\t<p>Votre message\n\t\t\t\t\t<\/p>\n\t\t\t\t<\/div>\n\t\t\t\t<div class=\"ct-sub\">\n\t\t\t\t\t<p>Veuillez fournir autant de d\u00e9tails que possible.\n\t\t\t\t\t<\/p>\n\t\t\t\t<\/div>\n\t\t\t<\/div>\n\t\t\t<div class=\"message\">\n\t\t\t\t<p><span class=\"wpcf7-form-control-wrap\" data-name=\"your-message\"><textarea cols=\"40\" rows=\"6\" maxlength=\"2000\" class=\"wpcf7-form-control wpcf7-textarea wpcf7-validates-as-required\" aria-required=\"true\" aria-invalid=\"false\" placeholder=\"Message\" name=\"your-message\"><\/textarea><\/span>\n\t\t\t\t<\/p>\n\t\t\t<\/div>\n\t\t\t<div class=\"add-files\">\n\t\t\t\t<p><span class=\"wpcf7-form-control-wrap\" data-name=\"file-388\"><input size=\"40\" class=\"wpcf7-form-control wpcf7-file\" accept=\"audio\/*,video\/*,image\/*\" aria-invalid=\"false\" type=\"file\" name=\"file-388\" \/><\/span>\n\t\t\t\t<\/p>\n\t\t\t<\/div>\n\t\t<\/div>\n\t<\/div>\n\t<p><input class=\"wpcf7-form-control wpcf7-submit has-spinner Envoyer\" type=\"submit\" value=\"Envoyer\" \/>\n\t<\/p>\n<\/div><div class=\"wpcf7-response-output\" aria-hidden=\"true\"><\/div>\n<\/form>\n<\/div>\n\t\t\t\t<\/div>\n\t\t\t\t<\/div>\n\t\t\t\t\t<\/div>\n\t\t<\/div>\n\t\t\t\t\t<\/div>\n\t\t<\/div>\n\t\t\t\t\t<\/div>\n\t\t<\/div>\n\t\t\t\t\t<\/div>\n\t\t<\/div>\n\t\t\t\t<\/div>\n\t\t","protected":false},"excerpt":{"rendered":"<p>Contactez-Nous Notre \u00e9quipe est disponible pour r\u00e9pondre \u00e0 toutes vos demandes. Address Bureau: Kalaban coura sur la route de l\u2019a\u00e9roport Contacts T\u00e9l\u00e9phone: +223 70029187 89 55 45 17 \/ 70 29 54 61 E-mail: lifeprint25@gmail.com Heures d&rsquo;ouverture Nous sommes disponible Du Lundi au samedi 24H\/24 Envoyer un message Suject Qu&rsquo;est-ce qui d\u00e9crit le mieux votre [&hellip;]<\/p>\n","protected":false},"author":1,"featured_media":0,"parent":0,"menu_order":0,"comment_status":"closed","ping_status":"closed","template":"template-homepage.php","meta":{"footnotes":""},"class_list":["post-2006","page","type-page","status-publish","hentry"],"jetpack_sharing_enabled":true,"_links":{"self":[{"href":"https:\/\/lifeprint.ml\/index.php\/wp-json\/wp\/v2\/pages\/2006","targetHints":{"allow":["GET"]}}],"collection":[{"href":"https:\/\/lifeprint.ml\/index.php\/wp-json\/wp\/v2\/pages"}],"about":[{"href":"https:\/\/lifeprint.ml\/index.php\/wp-json\/wp\/v2\/types\/page"}],"author":[{"embeddable":true,"href":"https:\/\/lifeprint.ml\/index.php\/wp-json\/wp\/v2\/users\/1"}],"replies":[{"embeddable":true,"href":"https:\/\/lifeprint.ml\/index.php\/wp-json\/wp\/v2\/comments?post=2006"}],"version-history":[{"count":6,"href":"https:\/\/lifeprint.ml\/index.php\/wp-json\/wp\/v2\/pages\/2006\/revisions"}],"predecessor-version":[{"id":10300,"href":"https:\/\/lifeprint.ml\/index.php\/wp-json\/wp\/v2\/pages\/2006\/revisions\/10300"}],"wp:attachment":[{"href":"https:\/\/lifeprint.ml\/index.php\/wp-json\/wp\/v2\/media?parent=2006"}],"curies":[{"name":"wp","href":"https:\/\/api.w.org\/{rel}","templated":true}]}}